{"id":509,"date":"2021-12-09T13:53:44","date_gmt":"2021-12-09T13:53:44","guid":{"rendered":"https:\/\/vaconline.mx\/?page_id=509"},"modified":"2021-12-23T04:05:48","modified_gmt":"2021-12-23T04:05:48","slug":"contacto","status":"publish","type":"page","link":"https:\/\/vaconline.mx\/index.php\/contacto\/","title":{"rendered":"CONTACTo"},"content":{"rendered":"\t\t<div data-elementor-type=\"wp-page\" data-elementor-id=\"509\" class=\"elementor elementor-509\">\n\t\t\t\t\t\t<section class=\"elementor-section elementor-top-section elementor-element elementor-element-2e4fb600 elementor-section-full_width elementor-section-height-default elementor-section-height-default\" data-id=\"2e4fb600\" data-element_type=\"section\" data-e-type=\"section\">\n\t\t\t\t\t\t<div class=\"elementor-container elementor-column-gap-default\">\n\t\t\t\t\t<div class=\"elementor-column elementor-col-50 elementor-top-column elementor-element elementor-element-189815e\" data-id=\"189815e\" data-element_type=\"column\" data-e-type=\"column\">\n\t\t\t<div class=\"elementor-widget-wrap elementor-element-populated\">\n\t\t\t\t\t\t<div class=\"elementor-element elementor-element-67df0e77 elementor-widget elementor-widget-heading\" data-id=\"67df0e77\" data-element_type=\"widget\" data-e-type=\"widget\" data-widget_type=\"heading.default\">\n\t\t\t\t<div class=\"elementor-widget-container\">\n\t\t\t\t\t<h2 class=\"elementor-heading-title elementor-size-default\">Contactanos <\/h2>\t\t\t\t<\/div>\n\t\t\t\t<\/div>\n\t\t\t\t\t<\/div>\n\t\t<\/div>\n\t\t\t\t<div class=\"elementor-column elementor-col-50 elementor-top-column elementor-element elementor-element-42ef290a\" data-id=\"42ef290a\" data-element_type=\"column\" data-e-type=\"column\">\n\t\t\t<div class=\"elementor-widget-wrap elementor-element-populated\">\n\t\t\t\t\t\t<div class=\"elementor-element elementor-element-9b09f6f elementor-widget elementor-widget-text-editor\" data-id=\"9b09f6f\" data-element_type=\"widget\" data-e-type=\"widget\" data-widget_type=\"text-editor.default\">\n\t\t\t\t<div class=\"elementor-widget-container\">\n\t\t\t\t\t\t\t\t\t<h4>Si su compa\u00f1\u00eda tiene un requerimiento en infraestructura o soluciones de respaldo de energ\u00eda, nuestro equipo t\u00e9cnico-comercial esta listo para atenderlo.<\/h4>\t\t\t\t\t\t\t\t<\/div>\n\t\t\t\t<\/div>\n\t\t\t\t\t<\/div>\n\t\t<\/div>\n\t\t\t\t\t<\/div>\n\t\t<\/section>\n\t\t\t\t<section class=\"elementor-section elementor-top-section elementor-element elementor-element-17730a0d elementor-section-full_width elementor-section-height-default elementor-section-height-default\" data-id=\"17730a0d\" data-element_type=\"section\" data-e-type=\"section\">\n\t\t\t\t\t\t<div class=\"elementor-container elementor-column-gap-default\">\n\t\t\t\t\t<div class=\"elementor-column elementor-col-100 elementor-top-column elementor-element elementor-element-20d58880\" data-id=\"20d58880\" data-element_type=\"column\" data-e-type=\"column\">\n\t\t\t<div class=\"elementor-widget-wrap elementor-element-populated\">\n\t\t\t\t\t\t<div class=\"elementor-element elementor-element-27fa394a elementor-widget elementor-widget-image\" data-id=\"27fa394a\" data-element_type=\"widget\" data-e-type=\"widget\" data-settings=\"{&quot;motion_fx_motion_fx_scrolling&quot;:&quot;yes&quot;,&quot;motion_fx_translateY_effect&quot;:&quot;yes&quot;,&quot;motion_fx_translateY_speed&quot;:{&quot;unit&quot;:&quot;px&quot;,&quot;size&quot;:&quot;2&quot;,&quot;sizes&quot;:[]},&quot;motion_fx_devices&quot;:[&quot;desktop&quot;],&quot;motion_fx_translateY_affectedRange&quot;:{&quot;unit&quot;:&quot;%&quot;,&quot;size&quot;:&quot;&quot;,&quot;sizes&quot;:{&quot;start&quot;:0,&quot;end&quot;:100}}}\" data-widget_type=\"image.default\">\n\t\t\t\t<div class=\"elementor-widget-container\">\n\t\t\t\t\t\t\t\t\t\t\t\t\t\t\t<img fetchpriority=\"high\" decoding=\"async\" width=\"1020\" height=\"400\" src=\"https:\/\/vaconline.mx\/wp-content\/uploads\/2021\/12\/touch.jpg\" class=\"attachment-full size-full wp-image-512\" alt=\"\" srcset=\"https:\/\/vaconline.mx\/wp-content\/uploads\/2021\/12\/touch.jpg 1020w, https:\/\/vaconline.mx\/wp-content\/uploads\/2021\/12\/touch-300x118.jpg 300w, https:\/\/vaconline.mx\/wp-content\/uploads\/2021\/12\/touch-768x301.jpg 768w\" sizes=\"(max-width: 1020px) 100vw, 1020px\" style=\"width:100%;height:39.22%;max-width:1020px\" \/>\t\t\t\t\t\t\t\t\t\t\t\t\t\t\t<\/div>\n\t\t\t\t<\/div>\n\t\t\t\t\t<\/div>\n\t\t<\/div>\n\t\t\t\t\t<\/div>\n\t\t<\/section>\n\t\t\t\t<section class=\"elementor-section elementor-top-section elementor-element elementor-element-37674ef0 elementor-section-full_width elementor-section-height-default elementor-section-height-default\" data-id=\"37674ef0\" data-element_type=\"section\" data-e-type=\"section\">\n\t\t\t\t\t\t<div class=\"elementor-container elementor-column-gap-default\">\n\t\t\t\t\t<div class=\"elementor-column elementor-col-33 elementor-top-column elementor-element elementor-element-3b3b401c\" data-id=\"3b3b401c\" data-element_type=\"column\" data-e-type=\"column\">\n\t\t\t<div class=\"elementor-widget-wrap elementor-element-populated\">\n\t\t\t\t\t\t<div class=\"elementor-element elementor-element-4f68871e elementor-widget elementor-widget-heading\" data-id=\"4f68871e\" data-element_type=\"widget\" data-e-type=\"widget\" data-widget_type=\"heading.default\">\n\t\t\t\t<div class=\"elementor-widget-container\">\n\t\t\t\t\t<h2 class=\"elementor-heading-title elementor-size-default\">Direccion:<\/h2>\t\t\t\t<\/div>\n\t\t\t\t<\/div>\n\t\t\t\t<div class=\"elementor-element elementor-element-1d9a3e71 elementor-invisible elementor-widget elementor-widget-heading\" data-id=\"1d9a3e71\" data-element_type=\"widget\" data-e-type=\"widget\" data-settings=\"{&quot;_animation&quot;:&quot;fadeInUp&quot;}\" data-widget_type=\"heading.default\">\n\t\t\t\t<div class=\"elementor-widget-container\">\n\t\t\t\t\t<h2 class=\"elementor-heading-title elementor-size-default\">Presas 3, Santiago Occipaco. Naucalpan, Edo. Mex. 53250.<\/h2>\t\t\t\t<\/div>\n\t\t\t\t<\/div>\n\t\t\t\t\t<\/div>\n\t\t<\/div>\n\t\t\t\t<div class=\"elementor-column elementor-col-33 elementor-top-column elementor-element elementor-element-57bdb3cb\" data-id=\"57bdb3cb\" data-element_type=\"column\" data-e-type=\"column\">\n\t\t\t<div class=\"elementor-widget-wrap elementor-element-populated\">\n\t\t\t\t\t\t<div class=\"elementor-element elementor-element-7e961b77 elementor-widget elementor-widget-heading\" data-id=\"7e961b77\" data-element_type=\"widget\" data-e-type=\"widget\" data-widget_type=\"heading.default\">\n\t\t\t\t<div class=\"elementor-widget-container\">\n\t\t\t\t\t<h2 class=\"elementor-heading-title elementor-size-default\">Conmutador:<\/h2>\t\t\t\t<\/div>\n\t\t\t\t<\/div>\n\t\t\t\t<div class=\"elementor-element elementor-element-2fe35a81 elementor-invisible elementor-widget elementor-widget-heading\" data-id=\"2fe35a81\" data-element_type=\"widget\" data-e-type=\"widget\" data-settings=\"{&quot;_animation&quot;:&quot;fadeInUp&quot;}\" data-widget_type=\"heading.default\">\n\t\t\t\t<div class=\"elementor-widget-container\">\n\t\t\t\t\t<h2 class=\"elementor-heading-title elementor-size-default\">(55) 2487- 0278<\/h2>\t\t\t\t<\/div>\n\t\t\t\t<\/div>\n\t\t\t\t<div class=\"elementor-element elementor-element-20a5329 elementor-widget elementor-widget-heading\" data-id=\"20a5329\" data-element_type=\"widget\" data-e-type=\"widget\" data-widget_type=\"heading.default\">\n\t\t\t\t<div class=\"elementor-widget-container\">\n\t\t\t\t\t<h2 class=\"elementor-heading-title elementor-size-default\">L\u00ednea 800:<\/h2>\t\t\t\t<\/div>\n\t\t\t\t<\/div>\n\t\t\t\t<div class=\"elementor-element elementor-element-832b1a9 elementor-invisible elementor-widget elementor-widget-heading\" data-id=\"832b1a9\" data-element_type=\"widget\" data-e-type=\"widget\" data-settings=\"{&quot;_animation&quot;:&quot;fadeInUp&quot;}\" data-widget_type=\"heading.default\">\n\t\t\t\t<div class=\"elementor-widget-container\">\n\t\t\t\t\t<h2 class=\"elementor-heading-title elementor-size-default\">01800 - 8740 - 777<\/h2>\t\t\t\t<\/div>\n\t\t\t\t<\/div>\n\t\t\t\t\t<\/div>\n\t\t<\/div>\n\t\t\t\t<div class=\"elementor-column elementor-col-33 elementor-top-column elementor-element elementor-element-41baa564\" data-id=\"41baa564\" data-element_type=\"column\" data-e-type=\"column\">\n\t\t\t<div class=\"elementor-widget-wrap elementor-element-populated\">\n\t\t\t\t\t\t<div class=\"elementor-element elementor-element-4e8f65ec elementor-widget elementor-widget-heading\" data-id=\"4e8f65ec\" data-element_type=\"widget\" data-e-type=\"widget\" data-widget_type=\"heading.default\">\n\t\t\t\t<div class=\"elementor-widget-container\">\n\t\t\t\t\t<h2 class=\"elementor-heading-title elementor-size-default\">Correo: <\/h2>\t\t\t\t<\/div>\n\t\t\t\t<\/div>\n\t\t\t\t<div class=\"elementor-element elementor-element-f87d63e elementor-invisible elementor-widget elementor-widget-heading\" data-id=\"f87d63e\" data-element_type=\"widget\" data-e-type=\"widget\" data-settings=\"{&quot;_animation&quot;:&quot;fadeInUp&quot;}\" data-widget_type=\"heading.default\">\n\t\t\t\t<div class=\"elementor-widget-container\">\n\t\t\t\t\t<h2 class=\"elementor-heading-title elementor-size-default\">ventas@vaconline.com.mx<\/h2>\t\t\t\t<\/div>\n\t\t\t\t<\/div>\n\t\t\t\t\t<\/div>\n\t\t<\/div>\n\t\t\t\t\t<\/div>\n\t\t<\/section>\n\t\t\t\t<section class=\"elementor-section elementor-top-section elementor-element elementor-element-393edff5 elementor-section-full_width elementor-section-height-default elementor-section-height-default\" data-id=\"393edff5\" data-element_type=\"section\" data-e-type=\"section\">\n\t\t\t\t\t\t<div class=\"elementor-container elementor-column-gap-default\">\n\t\t\t\t\t<div class=\"elementor-column elementor-col-50 elementor-top-column elementor-element elementor-element-37ecd0f1\" data-id=\"37ecd0f1\" data-element_type=\"column\" data-e-type=\"column\">\n\t\t\t<div class=\"elementor-widget-wrap elementor-element-populated\">\n\t\t\t\t\t\t<section class=\"elementor-section elementor-inner-section elementor-element elementor-element-536f09ef elementor-section-height-min-height elementor-section-boxed elementor-section-height-default\" data-id=\"536f09ef\" data-element_type=\"section\" data-e-type=\"section\">\n\t\t\t\t\t\t<div class=\"elementor-container elementor-column-gap-default\">\n\t\t\t\t\t<div class=\"elementor-column elementor-col-100 elementor-inner-column elementor-element elementor-element-295726c4\" data-id=\"295726c4\" data-element_type=\"column\" data-e-type=\"column\">\n\t\t\t<div class=\"elementor-widget-wrap elementor-element-populated\">\n\t\t\t\t\t\t<div class=\"elementor-element elementor-element-1596a6e0 elementor-widget elementor-widget-text-editor\" data-id=\"1596a6e0\" data-element_type=\"widget\" data-e-type=\"widget\" data-widget_type=\"text-editor.default\">\n\t\t\t\t<div class=\"elementor-widget-container\">\n\t\t\t\t\t\t\t\t\t<p>Perm\u00edtanos atenderle<\/p>\t\t\t\t\t\t\t\t<\/div>\n\t\t\t\t<\/div>\n\t\t\t\t\t<\/div>\n\t\t<\/div>\n\t\t\t\t\t<\/div>\n\t\t<\/section>\n\t\t\t\t\t<\/div>\n\t\t<\/div>\n\t\t\t\t<div class=\"elementor-column elementor-col-50 elementor-top-column elementor-element elementor-element-6951da24\" data-id=\"6951da24\" data-element_type=\"column\" data-e-type=\"column\">\n\t\t\t<div class=\"elementor-widget-wrap elementor-element-populated\">\n\t\t\t\t\t\t<div class=\"elementor-element elementor-element-4a731b53 elementor-button-align-end elementor-widget elementor-widget-form\" data-id=\"4a731b53\" data-element_type=\"widget\" data-e-type=\"widget\" data-settings=\"{&quot;step_next_label&quot;:&quot;Next&quot;,&quot;step_previous_label&quot;:&quot;Previous&quot;,&quot;button_width&quot;:&quot;100&quot;,&quot;step_type&quot;:&quot;number_text&quot;,&quot;step_icon_shape&quot;:&quot;circle&quot;}\" data-widget_type=\"form.default\">\n\t\t\t\t<div class=\"elementor-widget-container\">\n\t\t\t\t\t\t\t<form class=\"elementor-form\" method=\"post\" name=\"New Form\">\n\t\t\t<input type=\"hidden\" name=\"post_id\" value=\"509\"\/>\n\t\t\t<input type=\"hidden\" name=\"form_id\" value=\"4a731b53\"\/>\n\n\t\t\t\n\t\t\t<div class=\"elementor-form-fields-wrapper elementor-labels-\">\n\t\t\t\t\t\t\t\t<div class=\"elementor-field-type-text elementor-field-group elementor-column elementor-field-group-name elementor-col-100\">\n\t\t\t\t\t<label for=\"form-field-name\" class=\"elementor-field-label elementor-screen-only\">Nombre <\/label><input size=\"1\" type=\"text\" name=\"form_fields[name]\" id=\"form-field-name\" class=\"elementor-field elementor-size-sm  elementor-field-textual\" placeholder=\"Nombre \">\t\t\t\t<\/div>\n\t\t\t\t\t\t\t\t<div class=\"elementor-field-type-tel elementor-field-group elementor-column elementor-field-group-email elementor-col-100 elementor-field-required\">\n\t\t\t\t\t<label for=\"form-field-email\" class=\"elementor-field-label elementor-screen-only\">Tel\u00e9fono <\/label><input size=\"1\" type=\"tel\" name=\"form_fields[email]\" id=\"form-field-email\" class=\"elementor-field elementor-size-sm  elementor-field-textual\" placeholder=\"Tel\u00e9fono \" required=\"required\" aria-required=\"true\" pattern=\"[0-9()#&amp;+*-=.]+\" title=\"Only numbers and phone characters (#, -, *, etc) are accepted.\">\t\t\t\t<\/div>\n\t\t\t\t\t\t\t\t<div class=\"elementor-field-type-email elementor-field-group elementor-column elementor-field-group-field_1 elementor-col-100 elementor-field-required\">\n\t\t\t\t\t<label for=\"form-field-field_1\" class=\"elementor-field-label elementor-screen-only\">Correo <\/label><input size=\"1\" type=\"email\" name=\"form_fields[field_1]\" id=\"form-field-field_1\" class=\"elementor-field elementor-size-sm  elementor-field-textual\" placeholder=\"Correo\" required=\"required\" aria-required=\"true\">\t\t\t\t<\/div>\n\t\t\t\t\t\t\t\t<div class=\"elementor-field-group elementor-column elementor-field-type-submit elementor-col-100 e-form__buttons\">\n\t\t\t\t\t<button type=\"submit\" class=\"elementor-button elementor-size-md\">\n\t\t\t\t\t\t<span >\n\t\t\t\t\t\t\t\t\t\t\t\t\t\t\t<span class=\" elementor-button-icon\">\n\t\t\t\t\t\t\t\t\t\t\t\t\t\t\t\t\t\t\t\t\t\t\t\t\t\t<\/span>\n\t\t\t\t\t\t\t\t\t\t\t\t\t\t\t\t\t\t\t\t\t\t<span class=\"elementor-button-text\">Enviar <\/span>\n\t\t\t\t\t\t\t\t\t\t\t\t\t<\/span>\n\t\t\t\t\t<\/button>\n\t\t\t\t<\/div>\n\t\t\t<\/div>\n\t\t<\/form>\n\t\t\t\t\t\t<\/div>\n\t\t\t\t<\/div>\n\t\t\t\t\t<\/div>\n\t\t<\/div>\n\t\t\t\t\t<\/div>\n\t\t<\/section>\n\t\t\t\t<section class=\"elementor-section elementor-top-section elementor-element elementor-element-2f47e2f4 elementor-section-full_width elementor-section-height-default elementor-section-height-default\" data-id=\"2f47e2f4\" data-element_type=\"section\" data-e-type=\"section\">\n\t\t\t\t\t\t<div class=\"elementor-container elementor-column-gap-default\">\n\t\t\t\t\t<div class=\"elementor-column elementor-col-100 elementor-top-column elementor-element elementor-element-695dd92c\" data-id=\"695dd92c\" data-element_type=\"column\" data-e-type=\"column\" data-settings=\"{&quot;motion_fx_motion_fx_scrolling&quot;:&quot;yes&quot;,&quot;motion_fx_translateX_effect&quot;:&quot;yes&quot;,&quot;motion_fx_translateX_speed&quot;:{&quot;unit&quot;:&quot;px&quot;,&quot;size&quot;:&quot;1&quot;,&quot;sizes&quot;:[]},&quot;motion_fx_translateX_affectedRange&quot;:{&quot;unit&quot;:&quot;%&quot;,&quot;size&quot;:&quot;&quot;,&quot;sizes&quot;:{&quot;start&quot;:&quot;0&quot;,&quot;end&quot;:&quot;50&quot;}},&quot;motion_fx_devices&quot;:[&quot;desktop&quot;,&quot;tablet&quot;]}\">\n\t\t\t<div class=\"elementor-widget-wrap elementor-element-populated\">\n\t\t\t\t\t\t<div class=\"elementor-element elementor-element-149c6b5b elementor-widget-divider--view-line_text elementor-widget-divider--element-align-left elementor-widget elementor-widget-divider\" data-id=\"149c6b5b\" data-element_type=\"widget\" data-e-type=\"widget\" data-widget_type=\"divider.default\">\n\t\t\t\t<div class=\"elementor-widget-container\">\n\t\t\t\t\t\t\t<div class=\"elementor-divider\">\n\t\t\t<span class=\"elementor-divider-separator\">\n\t\t\t\t\t\t\t<span class=\"elementor-divider__text elementor-divider__element\">\n\t\t\t\tLOS MEJORES PRODUCTOS \t\t\t\t<\/span>\n\t\t\t\t\t\t<\/span>\n\t\t<\/div>\n\t\t\t\t\t\t<\/div>\n\t\t\t\t<\/div>\n\t\t\t\t\t<\/div>\n\t\t<\/div>\n\t\t\t\t\t<\/div>\n\t\t<\/section>\n\t\t\t\t<\/div>\n\t\t","protected":false},"excerpt":{"rendered":"<p>Contactanos Si su compa\u00f1\u00eda tiene un requerimiento en infraestructura o soluciones de respaldo de energ\u00eda, nuestro equipo t\u00e9cnico-comercial esta listo para atenderlo. Direccion: Presas 3, Santiago Occipaco. Naucalpan, Edo. Mex. 53250. Conmutador: (55) 2487- 0278 L\u00ednea 800: 01800 &#8211; 8740 &#8211; 777 Correo: ventas@vaconline.com.mx Perm\u00edtanos atenderle LOS MEJORES PRODUCTOS<\/p>\n","protected":false},"author":1,"featured_media":0,"parent":0,"menu_order":0,"comment_status":"closed","ping_status":"closed","template":"elementor_header_footer","meta":{"om_disable_all_campaigns":false,"_monsterinsights_skip_tracking":false,"_monsterinsights_sitenote_active":false,"_monsterinsights_sitenote_note":"","_monsterinsights_sitenote_category":0,"footnotes":""},"class_list":["post-509","page","type-page","status-publish","hentry","entry"],"aioseo_notices":[],"yoast_head":"<!-- This site is optimized with the Yoast SEO plugin v24.1 - https:\/\/yoast.com\/wordpress\/plugins\/seo\/ -->\n<title>CONTACTo - Vaconline<\/title>\n<meta name=\"robots\" content=\"index, follow, max-snippet:-1, max-image-preview:large, max-video-preview:-1\" \/>\n<link rel=\"canonical\" href=\"https:\/\/vaconline.mx\/index.php\/contacto\/\" \/>\n<meta property=\"og:locale\" content=\"en_US\" \/>\n<meta property=\"og:type\" content=\"article\" \/>\n<meta property=\"og:title\" content=\"CONTACTo - Vaconline\" \/>\n<meta property=\"og:description\" content=\"Contactanos Si su compa\u00f1\u00eda tiene un requerimiento en infraestructura o soluciones de respaldo de energ\u00eda, nuestro equipo t\u00e9cnico-comercial esta listo para atenderlo. Direccion: Presas 3, Santiago Occipaco. Naucalpan, Edo. Mex. 53250. Conmutador: (55) 2487- 0278 L\u00ednea 800: 01800 &#8211; 8740 &#8211; 777 Correo: ventas@vaconline.com.mx Perm\u00edtanos atenderle LOS MEJORES PRODUCTOS\" \/>\n<meta property=\"og:url\" content=\"https:\/\/vaconline.mx\/index.php\/contacto\/\" \/>\n<meta property=\"og:site_name\" content=\"Vaconline\" \/>\n<meta property=\"article:modified_time\" content=\"2021-12-23T04:05:48+00:00\" \/>\n<meta property=\"og:image\" content=\"https:\/\/vaconline.mx\/wp-content\/uploads\/2021\/12\/touch.jpg\" \/>\n<meta name=\"twitter:card\" content=\"summary_large_image\" \/>\n<script type=\"application\/ld+json\" class=\"yoast-schema-graph\">{\"@context\":\"https:\/\/schema.org\",\"@graph\":[{\"@type\":\"WebPage\",\"@id\":\"https:\/\/vaconline.mx\/index.php\/contacto\/\",\"url\":\"https:\/\/vaconline.mx\/index.php\/contacto\/\",\"name\":\"CONTACTo - Vaconline\",\"isPartOf\":{\"@id\":\"https:\/\/vaconline.mx\/#website\"},\"primaryImageOfPage\":{\"@id\":\"https:\/\/vaconline.mx\/index.php\/contacto\/#primaryimage\"},\"image\":{\"@id\":\"https:\/\/vaconline.mx\/index.php\/contacto\/#primaryimage\"},\"thumbnailUrl\":\"https:\/\/vaconline.mx\/wp-content\/uploads\/2021\/12\/touch.jpg\",\"datePublished\":\"2021-12-09T13:53:44+00:00\",\"dateModified\":\"2021-12-23T04:05:48+00:00\",\"breadcrumb\":{\"@id\":\"https:\/\/vaconline.mx\/index.php\/contacto\/#breadcrumb\"},\"inLanguage\":\"en-US\",\"potentialAction\":[{\"@type\":\"ReadAction\",\"target\":[\"https:\/\/vaconline.mx\/index.php\/contacto\/\"]}]},{\"@type\":\"ImageObject\",\"inLanguage\":\"en-US\",\"@id\":\"https:\/\/vaconline.mx\/index.php\/contacto\/#primaryimage\",\"url\":\"https:\/\/vaconline.mx\/wp-content\/uploads\/2021\/12\/touch.jpg\",\"contentUrl\":\"https:\/\/vaconline.mx\/wp-content\/uploads\/2021\/12\/touch.jpg\",\"width\":1020,\"height\":400},{\"@type\":\"BreadcrumbList\",\"@id\":\"https:\/\/vaconline.mx\/index.php\/contacto\/#breadcrumb\",\"itemListElement\":[{\"@type\":\"ListItem\",\"position\":1,\"name\":\"Portada\",\"item\":\"https:\/\/vaconline.mx\/\"},{\"@type\":\"ListItem\",\"position\":2,\"name\":\"CONTACTo\"}]},{\"@type\":\"WebSite\",\"@id\":\"https:\/\/vaconline.mx\/#website\",\"url\":\"https:\/\/vaconline.mx\/\",\"name\":\"Vaconline\",\"description\":\"Otro sitio realizado con WordPress\",\"potentialAction\":[{\"@type\":\"SearchAction\",\"target\":{\"@type\":\"EntryPoint\",\"urlTemplate\":\"https:\/\/vaconline.mx\/?s={search_term_string}\"},\"query-input\":{\"@type\":\"PropertyValueSpecification\",\"valueRequired\":true,\"valueName\":\"search_term_string\"}}],\"inLanguage\":\"en-US\"}]}<\/script>\n<!-- \/ Yoast SEO plugin. -->","yoast_head_json":{"title":"CONTACTo - Vaconline","robots":{"index":"index","follow":"follow","max-snippet":"max-snippet:-1","max-image-preview":"max-image-preview:large","max-video-preview":"max-video-preview:-1"},"canonical":"https:\/\/vaconline.mx\/index.php\/contacto\/","og_locale":"en_US","og_type":"article","og_title":"CONTACTo - Vaconline","og_description":"Contactanos Si su compa\u00f1\u00eda tiene un requerimiento en infraestructura o soluciones de respaldo de energ\u00eda, nuestro equipo t\u00e9cnico-comercial esta listo para atenderlo. Direccion: Presas 3, Santiago Occipaco. Naucalpan, Edo. Mex. 53250. Conmutador: (55) 2487- 0278 L\u00ednea 800: 01800 &#8211; 8740 &#8211; 777 Correo: ventas@vaconline.com.mx Perm\u00edtanos atenderle LOS MEJORES PRODUCTOS","og_url":"https:\/\/vaconline.mx\/index.php\/contacto\/","og_site_name":"Vaconline","article_modified_time":"2021-12-23T04:05:48+00:00","og_image":[{"url":"https:\/\/vaconline.mx\/wp-content\/uploads\/2021\/12\/touch.jpg","type":"","width":"","height":""}],"twitter_card":"summary_large_image","schema":{"@context":"https:\/\/schema.org","@graph":[{"@type":"WebPage","@id":"https:\/\/vaconline.mx\/index.php\/contacto\/","url":"https:\/\/vaconline.mx\/index.php\/contacto\/","name":"CONTACTo - Vaconline","isPartOf":{"@id":"https:\/\/vaconline.mx\/#website"},"primaryImageOfPage":{"@id":"https:\/\/vaconline.mx\/index.php\/contacto\/#primaryimage"},"image":{"@id":"https:\/\/vaconline.mx\/index.php\/contacto\/#primaryimage"},"thumbnailUrl":"https:\/\/vaconline.mx\/wp-content\/uploads\/2021\/12\/touch.jpg","datePublished":"2021-12-09T13:53:44+00:00","dateModified":"2021-12-23T04:05:48+00:00","breadcrumb":{"@id":"https:\/\/vaconline.mx\/index.php\/contacto\/#breadcrumb"},"inLanguage":"en-US","potentialAction":[{"@type":"ReadAction","target":["https:\/\/vaconline.mx\/index.php\/contacto\/"]}]},{"@type":"ImageObject","inLanguage":"en-US","@id":"https:\/\/vaconline.mx\/index.php\/contacto\/#primaryimage","url":"https:\/\/vaconline.mx\/wp-content\/uploads\/2021\/12\/touch.jpg","contentUrl":"https:\/\/vaconline.mx\/wp-content\/uploads\/2021\/12\/touch.jpg","width":1020,"height":400},{"@type":"BreadcrumbList","@id":"https:\/\/vaconline.mx\/index.php\/contacto\/#breadcrumb","itemListElement":[{"@type":"ListItem","position":1,"name":"Portada","item":"https:\/\/vaconline.mx\/"},{"@type":"ListItem","position":2,"name":"CONTACTo"}]},{"@type":"WebSite","@id":"https:\/\/vaconline.mx\/#website","url":"https:\/\/vaconline.mx\/","name":"Vaconline","description":"Otro sitio realizado con WordPress","potentialAction":[{"@type":"SearchAction","target":{"@type":"EntryPoint","urlTemplate":"https:\/\/vaconline.mx\/?s={search_term_string}"},"query-input":{"@type":"PropertyValueSpecification","valueRequired":true,"valueName":"search_term_string"}}],"inLanguage":"en-US"}]}},"_links":{"self":[{"href":"https:\/\/vaconline.mx\/index.php\/wp-json\/wp\/v2\/pages\/509"}],"collection":[{"href":"https:\/\/vaconline.mx\/index.php\/wp-json\/wp\/v2\/pages"}],"about":[{"href":"https:\/\/vaconline.mx\/index.php\/wp-json\/wp\/v2\/types\/page"}],"author":[{"embeddable":true,"href":"https:\/\/vaconline.mx\/index.php\/wp-json\/wp\/v2\/users\/1"}],"replies":[{"embeddable":true,"href":"https:\/\/vaconline.mx\/index.php\/wp-json\/wp\/v2\/comments?post=509"}],"version-history":[{"count":40,"href":"https:\/\/vaconline.mx\/index.php\/wp-json\/wp\/v2\/pages\/509\/revisions"}],"predecessor-version":[{"id":705,"href":"https:\/\/vaconline.mx\/index.php\/wp-json\/wp\/v2\/pages\/509\/revisions\/705"}],"wp:attachment":[{"href":"https:\/\/vaconline.mx\/index.php\/wp-json\/wp\/v2\/media?parent=509"}],"curies":[{"name":"wp","href":"https:\/\/api.w.org\/{rel}","templated":true}]}}